{"id":151,"date":"2026-04-22T12:00:28","date_gmt":"2026-04-22T17:00:28","guid":{"rendered":"https:\/\/mundomovilryd.com\/?page_id=151"},"modified":"2026-04-22T12:19:36","modified_gmt":"2026-04-22T17:19:36","slug":"pedidos","status":"publish","type":"page","link":"https:\/\/mundomovilryd.com\/?page_id=151","title":{"rendered":"\u00a1REALIZA T\u00da PEDIDO CON NOSOTROS!"},"content":{"rendered":"\t\t<div data-elementor-type=\"wp-page\" data-elementor-id=\"151\" class=\"elementor elementor-151\" data-elementor-settings=\"{&quot;ha_cmc_init_switcher&quot;:&quot;no&quot;}\">\n\t\t\t\t<div class=\"elementor-element elementor-element-097bc3d e-con-full e-flex e-con e-parent\" data-id=\"097bc3d\" data-element_type=\"container\" data-e-type=\"container\" data-settings=\"{&quot;_ha_eqh_enable&quot;:false}\">\n\t\t\t\t\t\t\t\n\t\t<img class=\"e-image-base \" \n\t\t\t\t\tdata-interaction-id=\"5deda9a\" \n\t\t \n\t\t \n\t\t\t\t\t\t\t\t\tid=\"155\"\n\t\t\t\t\t\t\t\t\t\t\t\tsrc=\"https:\/\/mundomovilryd.com\/wp-content\/uploads\/2026\/04\/My-project-42-3.png\"\n\t\t\t\t\t\t\t\t\t\t\t\twidth=\"1200\"\n\t\t\t\t\t\t\t\t\t\t\t\theight=\"800\"\n\t\t\t\t\t\t\t\t\t\t\t\tsrcset=\"https:\/\/mundomovilryd.com\/wp-content\/uploads\/2026\/04\/My-project-42-3.png 1200w, https:\/\/mundomovilryd.com\/wp-content\/uploads\/2026\/04\/My-project-42-3-300x200.png 300w, https:\/\/mundomovilryd.com\/wp-content\/uploads\/2026\/04\/My-project-42-3-1024x683.png 1024w, https:\/\/mundomovilryd.com\/wp-content\/uploads\/2026\/04\/My-project-42-3-768x512.png 768w\"\n\t\t\t\t\t\t\t\t\t\t\t\talt=\"\"\n\t\t\t\t\t\t\/>\n\t\t\t\t\t<\/div>\n\t\t\t\t<section class=\"elementor-section elementor-top-section elementor-element elementor-element-7e5b9f3e elementor-section-content-middle elementor-section-boxed elementor-section-height-default elementor-section-height-default\" data-id=\"7e5b9f3e\" data-element_type=\"section\" data-e-type=\"section\" data-settings=\"{&quot;_ha_eqh_enable&quot;:false}\">\n\t\t\t\t\t\t<div class=\"elementor-container elementor-column-gap-default\">\n\t\t\t\t\t<div class=\"elementor-column elementor-col-100 elementor-top-column elementor-element elementor-element-1bc9fe42\" data-id=\"1bc9fe42\" data-element_type=\"column\" data-e-type=\"column\">\n\t\t\t<div class=\"elementor-widget-wrap elementor-element-populated\">\n\t\t\t\t\t\t<div class=\"elementor-element elementor-element-1b5554e7 elementor-widget elementor-widget-heading\" data-id=\"1b5554e7\" data-element_type=\"widget\" data-e-type=\"widget\" data-widget_type=\"heading.default\">\n\t\t\t\t\t<h2 class=\"elementor-heading-title elementor-size-default\">\u00a1BIENVENIDOS !<\/h2>\t\t\t\t<\/div>\n\t\t\t\t<div class=\"elementor-element elementor-element-236a4fde elementor-widget elementor-widget-text-editor\" data-id=\"236a4fde\" data-element_type=\"widget\" data-e-type=\"widget\" data-widget_type=\"text-editor.default\">\n\t\t\t\t\t\t\t\t\t<p>Si ya llegaste hasta aqu\u00ed solo te falta un paso para t\u00fa compra, puedes llenar el formulario y realizar t\u00fa pedido. Se te hara despacho en las 24 horas siguientes.\u00a0<\/p>\t\t\t\t\t\t\t\t<\/div>\n\t\t\t\t\t<\/div>\n\t\t<\/div>\n\t\t\t\t\t<\/div>\n\t\t<\/section>\n\t\t<div class=\"elementor-element elementor-element-04c170a e-flex e-con-boxed e-con e-parent\" data-id=\"04c170a\" data-element_type=\"container\" data-e-type=\"container\" data-settings=\"{&quot;_ha_eqh_enable&quot;:false}\">\n\t\t\t\t\t<div class=\"e-con-inner\">\n\t\t<div class=\"elementor-element elementor-element-5e0b490 e-con-full e-flex e-con e-child\" data-id=\"5e0b490\" data-element_type=\"container\" data-e-type=\"container\" data-settings=\"{&quot;_ha_eqh_enable&quot;:false}\">\n\t\t\t\t<div class=\"elementor-element elementor-element-4d81a97 elementor-widget elementor-widget-shortcode\" data-id=\"4d81a97\" data-element_type=\"widget\" data-e-type=\"widget\" data-widget_type=\"shortcode.default\">\n\t\t\t\t\t\t\t<div class=\"elementor-shortcode\"><div class=\"forminator-ui forminator-custom-form forminator-custom-form-153 forminator-design--default  forminator_ajax\" data-forminator-render=\"0\" data-form=\"forminator-module-153\" data-uid=\"69e9393678c8f\"><br\/><\/div><form\n\t\t\t\tid=\"forminator-module-153\"\n\t\t\t\tclass=\"forminator-ui forminator-custom-form forminator-custom-form-153 forminator-design--default  forminator_ajax\"\n\t\t\t\tmethod=\"post\"\n\t\t\t\tdata-forminator-render=\"0\"\n\t\t\t\tdata-form-id=\"153\"\n\t\t\t\tenctype=\"multipart\/form-data\" data-color-option=\"theme\" data-design=\"default\" data-grid=\"open\" style=\"display: none;\"\n\t\t\t\tdata-uid=\"69e9393678c8f\"\n\t\t\t><div role=\"alert\" aria-live=\"polite\" class=\"forminator-response-message forminator-error\" aria-hidden=\"true\"><\/div><div class=\"forminator-row\"><div id=\"name-1\" class=\"forminator-field-name forminator-col forminator-col-12 \"><div class=\"forminator-field\"><label for=\"forminator-field-name-1_69e9393678c8f\" id=\"forminator-field-name-1_69e9393678c8f-label\" class=\"forminator-label\">Nombre completo<\/label><input type=\"text\" name=\"name-1\" value=\"\" placeholder=\"\" id=\"forminator-field-name-1_69e9393678c8f\" class=\"forminator-input forminator-name--field\" aria-required=\"false\" autocomplete=\"name\" \/><\/div><\/div><\/div><div class=\"forminator-row\"><div id=\"email-1\" class=\"forminator-field-email forminator-col forminator-col-12 \"><div class=\"forminator-field\"><label for=\"forminator-field-email-1_69e9393678c8f\" id=\"forminator-field-email-1_69e9393678c8f-label\" class=\"forminator-label\">Correo electr\u00f3nico<\/label><input type=\"email\" name=\"email-1\" value=\"\" placeholder=\"\" id=\"forminator-field-email-1_69e9393678c8f\" class=\"forminator-input forminator-email--field\" data-required=\"\" aria-required=\"false\" autocomplete=\"email\" \/><\/div><\/div><\/div><div class=\"forminator-row\"><div id=\"date-1\" class=\"forminator-field-date forminator-col forminator-col-12 \"><div class=\"forminator-field\"><label for=\"forminator-field-date-1-picker_69e9393678c8f\" id=\"forminator-field-date-1-picker_69e9393678c8f-label\" class=\"forminator-label\">Fecha<\/label><div class=\"forminator-input-with-icon\"><span class=\"forminator-icon-calendar\" aria-hidden=\"true\"><\/span><input autocomplete=\"off\" type=\"text\" size=\"1\" name=\"date-1\" value=\"\" placeholder=\"Elegir fecha\" id=\"forminator-field-date-1-picker_69e9393678c8f\" class=\"forminator-input forminator-datepicker\" data-required=\"\" data-format=\"mm\/dd\/yy\" data-restrict-type=\"\" data-restrict=\"\" data-start-year=\"1926\" data-end-year=\"2126\" data-past-dates=\"enable\" data-start-of-week=\"1\" data-start-date=\"\" data-end-date=\"\" data-start-field=\"\" data-end-field=\"\" data-start-offset=\"\" data-end-offset=\"\" data-disable-date=\"\" data-disable-range=\"\" \/><\/div><\/div><\/div><\/div><div class=\"forminator-row\"><div id=\"phone-1\" class=\"forminator-field-phone forminator-col forminator-col-12 \"><div class=\"forminator-field\"><label for=\"forminator-field-phone-1_69e9393678c8f\" id=\"forminator-field-phone-1_69e9393678c8f-label\" class=\"forminator-label\">Tel\u00e9fono<\/label><input type=\"text\" name=\"phone-1\" value=\"\" placeholder=\"\" id=\"forminator-field-phone-1_69e9393678c8f\" class=\"forminator-input forminator-field--phone\" data-required=\"\" aria-required=\"false\" autocomplete=\"off\" \/><\/div><\/div><\/div><div class=\"forminator-row\"><div id=\"address-1\" class=\"forminator-field-address forminator-col forminator-col-12 \"><div class=\"forminator-row\"><div id=\"address-1-street_address\" class=\"forminator-col\"><div class=\"forminator-field\"><label for=\"forminator-field-address-1-street_address_69e9393678c8f\" id=\"forminator-field-address-1-street_address_69e9393678c8f-label\" class=\"forminator-label\">Direcci\u00f3n de envio<\/label><input type=\"text\" name=\"address-1-street_address\" placeholder=\"\" id=\"forminator-field-address-1-street_address_69e9393678c8f\" class=\"forminator-input\" data-required=\"\" aria-required=\"false\" autocomplete=\"address-line1\" value=\"\" \/><\/div><\/div><\/div><\/div><\/div><div class=\"forminator-row\"><div id=\"upload-1\" class=\"forminator-field-upload forminator-col forminator-col-12 \"><div class=\"forminator-field\"><label for=\"forminator-field-upload-1_69e9393678c8f\" id=\"forminator-field-upload-1_69e9393678c8f-label\" class=\"forminator-label\">Comprobante de pago<\/label><div class=\"forminator-file-upload \" data-element=\"upload-1_69e9393678c8f\"><input type=\"file\" name=\"upload-1\" id=\"forminator-field-upload-1_69e9393678c8f\" class=\"forminator-input-file\" accept=\".jpg,.jpeg,.jpe,.gif,.png,.bmp,.tiff,.tif,.webp,.avif,.ico,.heic,.heif,.heics,.heifs,.asf,.asx,.wmv,.wmx,.wm,.avi,.divx,.flv,.mov,.qt,.mpeg,.mpg,.mpe,.mp4,.m4v,.ogv,.webm,.mkv,.3gp,.3gpp,.3g2,.3gp2,.txt,.asc,.c,.cc,.h,.srt,.csv,.tsv,.ics,.rtx,.vtt,.mp3,.m4a,.m4b,.aac,.ra,.ram,.wav,.x-wav,.ogg,.oga,.flac,.mid,.midi,.wma,.wax,.mka,.rtf,.pdf,.class,.tar,.zip,.gz,.gzip,.7z,.psd,.xcf,.doc,.pot,.pps,.ppt,.wri,.xla,.xls,.xlt,.xlw,.mdb,.mpp,.docx,.docm,.dotx,.dotm,.xlsx,.xlsm,.xlsb,.xltx,.xltm,.xlam,.pptx,.pptm,.ppsx,.ppsm,.potx,.potm,.ppam,.sldx,.sldm,.onetoc,.onetoc2,.onetmp,.onepkg,.oxps,.xps,.odt,.odp,.ods,.odg,.odc,.odb,.odf,.wp,.wpd,.key,.numbers,.pages\" tabindex=\"-1\"><button id=\"forminator-field-upload-1_69e9393678c8f_button\" class=\"forminator-button forminator-button-upload\" data-id=\"forminator-field-upload-1_69e9393678c8f\">Elegir archivo<\/button><span data-empty-text=\"Ning\u00fan archivo seleccionado\">Ning\u00fan archivo seleccionado<\/span><button class=\"forminator-button-delete\" style=\"display: none;\"><i class=\"forminator-icon-close\" aria-hidden=\"true\"><\/i><span class=\"forminator-screen-reader-only\">Eliminar el archivo subido<\/span><\/button><\/div><\/div><\/div><\/div><div class=\"forminator-row\"><div id=\"textarea-1\" class=\"forminator-field-textarea forminator-col forminator-col-12 \"><div class=\"forminator-field\"><label for=\"forminator-field-textarea-1_69e9393678c8f\" id=\"forminator-field-textarea-1_69e9393678c8f-label\" class=\"forminator-label\">Texto<\/label><textarea name=\"textarea-1\" placeholder=\"\" id=\"forminator-field-textarea-1_69e9393678c8f\" class=\"forminator-textarea\" rows=\"6\" style=\"--forminator-textarea-min-height:90px;\" ><\/textarea><\/div><\/div><\/div><input type=\"hidden\" name=\"referer_url\" value=\"\" \/><div class=\"forminator-row forminator-row-last\"><div class=\"forminator-col\"><div class=\"forminator-field\"><button class=\"forminator-button forminator-button-submit\">Enviar<\/button><\/div><\/div><\/div><input type=\"hidden\" id=\"forminator_nonce\" name=\"forminator_nonce\" value=\"99865faeb5\" \/><input type=\"hidden\" name=\"_wp_http_referer\" value=\"\/index.php?rest_route=%2Fwp%2Fv2%2Fpages%2F151\" \/><input type=\"hidden\" name=\"form_id\" value=\"153\"><input type=\"hidden\" name=\"page_id\" value=\"151\"><input type=\"hidden\" name=\"form_type\" value=\"default\"><input type=\"hidden\" name=\"current_url\" value=\"https:\/\/mundomovilryd.com\/?page_id=151\"><input type=\"hidden\" name=\"render_id\" value=\"0\"><input type=\"hidden\" name=\"action\" value=\"forminator_submit_form_custom-forms\"><\/form><\/div>\n\t\t\t\t\t\t<\/div>\n\t\t\t\t<\/div>\n\t\t<div class=\"elementor-element elementor-element-1e4c746 e-con-full e-flex e-con e-child\" data-id=\"1e4c746\" data-element_type=\"container\" data-e-type=\"container\" data-settings=\"{&quot;_ha_eqh_enable&quot;:false}\">\n\t\t\t\t\t\t\t\n\t\t<img class=\"e-image-base \" \n\t\t\t\t\tdata-interaction-id=\"3b7987f\" \n\t\t \n\t\t \n\t\t\t\t\t\t\t\t\tid=\"58\"\n\t\t\t\t\t\t\t\t\t\t\t\tsrc=\"https:\/\/mundomovilryd.com\/wp-content\/uploads\/2026\/04\/WhatsApp-Image-2026-03-30-at-7.39.02-AM.jpeg\"\n\t\t\t\t\t\t\t\t\t\t\t\twidth=\"900\"\n\t\t\t\t\t\t\t\t\t\t\t\theight=\"1600\"\n\t\t\t\t\t\t\t\t\t\t\t\tsrcset=\"https:\/\/mundomovilryd.com\/wp-content\/uploads\/2026\/04\/WhatsApp-Image-2026-03-30-at-7.39.02-AM.jpeg 900w, https:\/\/mundomovilryd.com\/wp-content\/uploads\/2026\/04\/WhatsApp-Image-2026-03-30-at-7.39.02-AM-169x300.jpeg 169w, https:\/\/mundomovilryd.com\/wp-content\/uploads\/2026\/04\/WhatsApp-Image-2026-03-30-at-7.39.02-AM-576x1024.jpeg 576w, https:\/\/mundomovilryd.com\/wp-content\/uploads\/2026\/04\/WhatsApp-Image-2026-03-30-at-7.39.02-AM-768x1365.jpeg 768w, https:\/\/mundomovilryd.com\/wp-content\/uploads\/2026\/04\/WhatsApp-Image-2026-03-30-at-7.39.02-AM-864x1536.jpeg 864w\"\n\t\t\t\t\t\t\t\t\t\t\t\talt=\"\"\n\t\t\t\t\t\t\/>\n\t\t\t\t\t<\/div>\n\t\t\t\t\t<\/div>\n\t\t\t\t<\/div>\n\t\t<div class=\"elementor-element elementor-element-1204fd4 e-flex e-con-boxed e-con e-parent\" data-id=\"1204fd4\" data-element_type=\"container\" data-e-type=\"container\" data-settings=\"{&quot;_ha_eqh_enable&quot;:false}\">\n\t\t\t\t\t<div class=\"e-con-inner\">\n\t\t<div class=\"elementor-element elementor-element-f8988db e-con-full e-flex e-con e-child\" data-id=\"f8988db\" data-element_type=\"container\" data-e-type=\"container\" data-settings=\"{&quot;_ha_eqh_enable&quot;:false}\">\n\t\t\t\t<\/div>\n\t\t\t\t\t<\/div>\n\t\t\t\t<\/div>\n\t\t\t\t<\/div>\n\t\t","protected":false},"excerpt":{"rendered":"<p>\u00a1BIENVENIDOS ! Si ya llegaste hasta aqu\u00ed solo te falta un paso para t\u00fa compra, puedes llenar el formulario y [&hellip;]<\/p>\n","protected":false},"author":1,"featured_media":0,"parent":0,"menu_order":0,"comment_status":"closed","ping_status":"closed","template":"","meta":{"site-sidebar-layout":"no-sidebar","site-content-layout":"","ast-site-content-layout":"full-width-container","site-content-style":"default","site-sidebar-style":"default","ast-global-header-display":"","ast-banner-title-visibility":"","ast-main-header-display":"","ast-hfb-above-header-display":"","ast-hfb-below-header-display":"","ast-hfb-mobile-header-display":"","site-post-title":"","ast-breadcrumbs-content":"","ast-featured-img":"disabled","footer-sml-layout":"","ast-disable-related-posts":"","theme-transparent-header-meta":"","adv-header-id-meta":"","stick-header-meta":"","header-above-stick-meta":"","header-main-stick-meta":"","header-below-stick-meta":"","astra-migrate-meta-layouts":"default","ast-page-background-enabled":"default","ast-page-background-meta":{"desktop":{"background-color":"var(--ast-global-color-5)","background-image":"","background-repeat":"repeat","background-position":"center center","background-size":"auto","background-attachment":"scroll","background-type":"","background-media":"","overlay-type":"","overlay-color":"","overlay-opacity":"","overlay-gradient":""},"tablet":{"background-color":"","background-image":"","background-repeat":"repeat","background-position":"center center","background-size":"auto","background-attachment":"scroll","background-type":"","background-media":"","overlay-type":"","overlay-color":"","overlay-opacity":"","overlay-gradient":""},"mobile":{"background-color":"","background-image":"","background-repeat":"repeat","background-position":"center center","background-size":"auto","background-attachment":"scroll","background-type":"","background-media":"","overlay-type":"","overlay-color":"","overlay-opacity":"","overlay-gradient":""}},"ast-content-background-meta":{"desktop":{"background-color":"var(--ast-global-color-4)","background-image":"","background-repeat":"repeat","background-position":"center center","background-size":"auto","background-attachment":"scroll","background-type":"","background-media":"","overlay-type":"","overlay-color":"","overlay-opacity":"","overlay-gradient":""},"tablet":{"background-color":"var(--ast-global-color-4)","background-image":"","background-repeat":"repeat","background-position":"center center","background-size":"auto","background-attachment":"scroll","background-type":"","background-media":"","overlay-type":"","overlay-color":"","overlay-opacity":"","overlay-gradient":""},"mobile":{"background-color":"var(--ast-global-color-4)","background-image":"","background-repeat":"repeat","background-position":"center center","background-size":"auto","background-attachment":"scroll","background-type":"","background-media":"","overlay-type":"","overlay-color":"","overlay-opacity":"","overlay-gradient":""}},"footnotes":""},"class_list":["post-151","page","type-page","status-publish","hentry"],"yoast_head":"<!-- This site is optimized with the Yoast SEO plugin v27.4 - https:\/\/yoast.com\/product\/yoast-seo-wordpress\/ -->\n<title>\u00a1REALIZA T\u00da PEDIDO CON NOSOTROS! - Mundo M\u00f3vil R&amp;D<\/title>\n<meta name=\"robots\" content=\"index, follow, max-snippet:-1, max-image-preview:large, max-video-preview:-1\" \/>\n<link rel=\"canonical\" href=\"https:\/\/mundomovilryd.com\/?page_id=151\" \/>\n<meta property=\"og:locale\" content=\"es_ES\" \/>\n<meta property=\"og:type\" content=\"article\" \/>\n<meta property=\"og:title\" content=\"\u00a1REALIZA T\u00da PEDIDO CON NOSOTROS! - Mundo M\u00f3vil R&amp;D\" \/>\n<meta property=\"og:description\" content=\"\u00a1BIENVENIDOS ! Si ya llegaste hasta aqu\u00ed solo te falta un paso para t\u00fa compra, puedes llenar el formulario y [&hellip;]\" \/>\n<meta property=\"og:url\" content=\"https:\/\/mundomovilryd.com\/?page_id=151\" \/>\n<meta property=\"og:site_name\" content=\"Mundo M\u00f3vil R&amp;D\" \/>\n<meta property=\"article:modified_time\" content=\"2026-04-22T17:19:36+00:00\" \/>\n<meta property=\"og:image\" content=\"https:\/\/mundomovilryd.com\/wp-content\/uploads\/2026\/04\/My-project-42-3.png\" \/>\n<meta name=\"twitter:card\" content=\"summary_large_image\" \/>\n<meta name=\"twitter:label1\" content=\"Tiempo de lectura\" \/>\n\t<meta name=\"twitter:data1\" content=\"1 minuto\" \/>\n<script type=\"application\/ld+json\" class=\"yoast-schema-graph\">{\"@context\":\"https:\\\/\\\/schema.org\",\"@graph\":[{\"@type\":\"WebPage\",\"@id\":\"https:\\\/\\\/mundomovilryd.com\\\/?page_id=151\",\"url\":\"https:\\\/\\\/mundomovilryd.com\\\/?page_id=151\",\"name\":\"\u00a1REALIZA T\u00da PEDIDO CON NOSOTROS! - Mundo M\u00f3vil R&amp;D\",\"isPartOf\":{\"@id\":\"https:\\\/\\\/mundomovilryd.com\\\/#website\"},\"primaryImageOfPage\":{\"@id\":\"https:\\\/\\\/mundomovilryd.com\\\/?page_id=151#primaryimage\"},\"image\":{\"@id\":\"https:\\\/\\\/mundomovilryd.com\\\/?page_id=151#primaryimage\"},\"thumbnailUrl\":\"https:\\\/\\\/mundomovilryd.com\\\/wp-content\\\/uploads\\\/2026\\\/04\\\/My-project-42-3.png\",\"datePublished\":\"2026-04-22T17:00:28+00:00\",\"dateModified\":\"2026-04-22T17:19:36+00:00\",\"breadcrumb\":{\"@id\":\"https:\\\/\\\/mundomovilryd.com\\\/?page_id=151#breadcrumb\"},\"inLanguage\":\"es-CO\",\"potentialAction\":[{\"@type\":\"ReadAction\",\"target\":[\"https:\\\/\\\/mundomovilryd.com\\\/?page_id=151\"]}]},{\"@type\":\"ImageObject\",\"inLanguage\":\"es-CO\",\"@id\":\"https:\\\/\\\/mundomovilryd.com\\\/?page_id=151#primaryimage\",\"url\":\"https:\\\/\\\/mundomovilryd.com\\\/wp-content\\\/uploads\\\/2026\\\/04\\\/My-project-42-3.png\",\"contentUrl\":\"https:\\\/\\\/mundomovilryd.com\\\/wp-content\\\/uploads\\\/2026\\\/04\\\/My-project-42-3.png\",\"width\":1200,\"height\":800},{\"@type\":\"BreadcrumbList\",\"@id\":\"https:\\\/\\\/mundomovilryd.com\\\/?page_id=151#breadcrumb\",\"itemListElement\":[{\"@type\":\"ListItem\",\"position\":1,\"name\":\"Inicio\",\"item\":\"https:\\\/\\\/mundomovilryd.com\\\/\"},{\"@type\":\"ListItem\",\"position\":2,\"name\":\"\u00a1REALIZA T\u00da PEDIDO CON NOSOTROS!\"}]},{\"@type\":\"WebSite\",\"@id\":\"https:\\\/\\\/mundomovilryd.com\\\/#website\",\"url\":\"https:\\\/\\\/mundomovilryd.com\\\/\",\"name\":\"Mundo M\u00f3vil R&amp;D\",\"description\":\"Todo en venta de repuesto para celular\",\"publisher\":{\"@id\":\"https:\\\/\\\/mundomovilryd.com\\\/#organization\"},\"potentialAction\":[{\"@type\":\"SearchAction\",\"target\":{\"@type\":\"EntryPoint\",\"urlTemplate\":\"https:\\\/\\\/mundomovilryd.com\\\/?s={search_term_string}\"},\"query-input\":{\"@type\":\"PropertyValueSpecification\",\"valueRequired\":true,\"valueName\":\"search_term_string\"}}],\"inLanguage\":\"es-CO\"},{\"@type\":\"Organization\",\"@id\":\"https:\\\/\\\/mundomovilryd.com\\\/#organization\",\"name\":\"Mundo M\u00f3vil R&amp;D\",\"url\":\"https:\\\/\\\/mundomovilryd.com\\\/\",\"logo\":{\"@type\":\"ImageObject\",\"inLanguage\":\"es-CO\",\"@id\":\"https:\\\/\\\/mundomovilryd.com\\\/#\\\/schema\\\/logo\\\/image\\\/\",\"url\":\"https:\\\/\\\/mundomovilryd.com\\\/wp-content\\\/uploads\\\/2026\\\/04\\\/Mundo-movil-RYD-10.png\",\"contentUrl\":\"https:\\\/\\\/mundomovilryd.com\\\/wp-content\\\/uploads\\\/2026\\\/04\\\/Mundo-movil-RYD-10.png\",\"width\":600,\"height\":600,\"caption\":\"Mundo M\u00f3vil R&amp;D\"},\"image\":{\"@id\":\"https:\\\/\\\/mundomovilryd.com\\\/#\\\/schema\\\/logo\\\/image\\\/\"}}]}<\/script>\n<!-- \/ Yoast SEO plugin. -->","yoast_head_json":{"title":"\u00a1REALIZA T\u00da PEDIDO CON NOSOTROS! - Mundo M\u00f3vil R&amp;D","robots":{"index":"index","follow":"follow","max-snippet":"max-snippet:-1","max-image-preview":"max-image-preview:large","max-video-preview":"max-video-preview:-1"},"canonical":"https:\/\/mundomovilryd.com\/?page_id=151","og_locale":"es_ES","og_type":"article","og_title":"\u00a1REALIZA T\u00da PEDIDO CON NOSOTROS! - Mundo M\u00f3vil R&amp;D","og_description":"\u00a1BIENVENIDOS ! Si ya llegaste hasta aqu\u00ed solo te falta un paso para t\u00fa compra, puedes llenar el formulario y [&hellip;]","og_url":"https:\/\/mundomovilryd.com\/?page_id=151","og_site_name":"Mundo M\u00f3vil R&amp;D","article_modified_time":"2026-04-22T17:19:36+00:00","og_image":[{"url":"https:\/\/mundomovilryd.com\/wp-content\/uploads\/2026\/04\/My-project-42-3.png","type":"","width":"","height":""}],"twitter_card":"summary_large_image","twitter_misc":{"Tiempo de lectura":"1 minuto"},"schema":{"@context":"https:\/\/schema.org","@graph":[{"@type":"WebPage","@id":"https:\/\/mundomovilryd.com\/?page_id=151","url":"https:\/\/mundomovilryd.com\/?page_id=151","name":"\u00a1REALIZA T\u00da PEDIDO CON NOSOTROS! - Mundo M\u00f3vil R&amp;D","isPartOf":{"@id":"https:\/\/mundomovilryd.com\/#website"},"primaryImageOfPage":{"@id":"https:\/\/mundomovilryd.com\/?page_id=151#primaryimage"},"image":{"@id":"https:\/\/mundomovilryd.com\/?page_id=151#primaryimage"},"thumbnailUrl":"https:\/\/mundomovilryd.com\/wp-content\/uploads\/2026\/04\/My-project-42-3.png","datePublished":"2026-04-22T17:00:28+00:00","dateModified":"2026-04-22T17:19:36+00:00","breadcrumb":{"@id":"https:\/\/mundomovilryd.com\/?page_id=151#breadcrumb"},"inLanguage":"es-CO","potentialAction":[{"@type":"ReadAction","target":["https:\/\/mundomovilryd.com\/?page_id=151"]}]},{"@type":"ImageObject","inLanguage":"es-CO","@id":"https:\/\/mundomovilryd.com\/?page_id=151#primaryimage","url":"https:\/\/mundomovilryd.com\/wp-content\/uploads\/2026\/04\/My-project-42-3.png","contentUrl":"https:\/\/mundomovilryd.com\/wp-content\/uploads\/2026\/04\/My-project-42-3.png","width":1200,"height":800},{"@type":"BreadcrumbList","@id":"https:\/\/mundomovilryd.com\/?page_id=151#breadcrumb","itemListElement":[{"@type":"ListItem","position":1,"name":"Inicio","item":"https:\/\/mundomovilryd.com\/"},{"@type":"ListItem","position":2,"name":"\u00a1REALIZA T\u00da PEDIDO CON NOSOTROS!"}]},{"@type":"WebSite","@id":"https:\/\/mundomovilryd.com\/#website","url":"https:\/\/mundomovilryd.com\/","name":"Mundo M\u00f3vil R&amp;D","description":"Todo en venta de repuesto para celular","publisher":{"@id":"https:\/\/mundomovilryd.com\/#organization"},"potentialAction":[{"@type":"SearchAction","target":{"@type":"EntryPoint","urlTemplate":"https:\/\/mundomovilryd.com\/?s={search_term_string}"},"query-input":{"@type":"PropertyValueSpecification","valueRequired":true,"valueName":"search_term_string"}}],"inLanguage":"es-CO"},{"@type":"Organization","@id":"https:\/\/mundomovilryd.com\/#organization","name":"Mundo M\u00f3vil R&amp;D","url":"https:\/\/mundomovilryd.com\/","logo":{"@type":"ImageObject","inLanguage":"es-CO","@id":"https:\/\/mundomovilryd.com\/#\/schema\/logo\/image\/","url":"https:\/\/mundomovilryd.com\/wp-content\/uploads\/2026\/04\/Mundo-movil-RYD-10.png","contentUrl":"https:\/\/mundomovilryd.com\/wp-content\/uploads\/2026\/04\/Mundo-movil-RYD-10.png","width":600,"height":600,"caption":"Mundo M\u00f3vil R&amp;D"},"image":{"@id":"https:\/\/mundomovilryd.com\/#\/schema\/logo\/image\/"}}]}},"_links":{"self":[{"href":"https:\/\/mundomovilryd.com\/index.php?rest_route=\/wp\/v2\/pages\/151","targetHints":{"allow":["GET"]}}],"collection":[{"href":"https:\/\/mundomovilryd.com\/index.php?rest_route=\/wp\/v2\/pages"}],"about":[{"href":"https:\/\/mundomovilryd.com\/index.php?rest_route=\/wp\/v2\/types\/page"}],"author":[{"embeddable":true,"href":"https:\/\/mundomovilryd.com\/index.php?rest_route=\/wp\/v2\/users\/1"}],"replies":[{"embeddable":true,"href":"https:\/\/mundomovilryd.com\/index.php?rest_route=%2Fwp%2Fv2%2Fcomments&post=151"}],"version-history":[{"count":5,"href":"https:\/\/mundomovilryd.com\/index.php?rest_route=\/wp\/v2\/pages\/151\/revisions"}],"predecessor-version":[{"id":165,"href":"https:\/\/mundomovilryd.com\/index.php?rest_route=\/wp\/v2\/pages\/151\/revisions\/165"}],"wp:attachment":[{"href":"https:\/\/mundomovilryd.com\/index.php?rest_route=%2Fwp%2Fv2%2Fmedia&parent=151"}],"curies":[{"name":"wp","href":"https:\/\/api.w.org\/{rel}","templated":true}]}}